{"id":355,"date":"2026-03-18T16:19:48","date_gmt":"2026-03-18T15:19:48","guid":{"rendered":"https:\/\/casadellortolano.com\/?page_id=355"},"modified":"2026-03-26T20:37:25","modified_gmt":"2026-03-26T19:37:25","slug":"dichiarazione-di-accessibilita","status":"publish","type":"page","link":"https:\/\/casadellortolano.com\/en\/dichiarazione-di-accessibilita\/","title":{"rendered":"Accessibility statement"},"content":{"rendered":"<p><strong>Our commitment to accessibility<\/strong><\/p>\n\n\n\n<p>We are committed to ensuring that our website, <a href=\"https:\/\/casadellortolano.com\/en\/\" data-type=\"page\" data-id=\"16\">casadellortolano.com<\/a>, is accessible to all users, including people with disabilities. This accessibility statement applies to our site and describes the measures we have taken to ensure compliance with the Accessibility Act and the European Accessibility Act (EAA), as well as the Web Content Accessibility Guidelines (WCAG) 2.1.<\/p>\n\n\n\n<p><strong>Accessibility goals<\/strong><\/p>\n\n\n\n<p>Our goal is to achieve Level AA of WCAG 2.1 and comply with the provisions of the European Accessibility Act. We are committed to continuously monitoring and improving the accessibility of our site, adopting best practices and updating our technologies.<\/p>\n\n\n\n<p><strong>Measures adopted for accessibility<\/strong><\/p>\n\n\n\n<p>We have implemented several measures to improve the accessibility of our site, including:<\/p>\n\n\n\n<ul class=\"wp-block-list\">\n<li><strong>Responsive Design<\/strong>The site is designed to be accessible on various sized devices, including smartphones and tablets.<\/li>\n\n\n\n<li><strong>Accessible Development Practices<\/strong>We follow WCAG 2.1 guidelines to ensure that content is accessible to everyone.<\/li>\n\n\n\n<li><strong>Alternative Texts<\/strong>We provide alternative text for images and multimedia content, so they can be interpreted by screen readers.<\/li>\n\n\n\n<li><strong>Color Contrasts<\/strong>We use adequate color contrasts to ensure text readability and content clarity.<\/li>\n\n\n\n<li><strong>Intuitive Navigation<\/strong>We have implemented clear and intuitive navigation to facilitate access to information.<\/li>\n<\/ul>\n\n\n\n<p><strong>Staff training<\/strong><\/p>\n\n\n\n<p>Our team has received training on accessibility and the importance of creating accessible content. We are committed to keeping our staff&#039;s skills up to date in this area.<\/p>\n\n\n\n<p><strong>Accessibility testing<\/strong><\/p>\n\n\n\n<p>We have conducted accessibility testing using automated evaluation tools and user feedback. We will continue to monitor and test our site to identify and address any accessibility issues.<\/p>\n\n\n\n<p><strong>Action Plan<\/strong><\/p>\n\n\n\n<p>We have an action plan to address any identified accessibility issues. We are committed to addressing these issues promptly and communicating any updates to users.<\/p>\n\n\n\n<p><strong>Accessibility of third-party content<\/strong><\/p>\n\n\n\n<p>Our site may include third-party content, such as videos or documents. We cannot guarantee the accessibility of this content, but we encourage users to contact us to report any issues.<\/p>\n\n\n\n<p><strong>Feedback and contacts<\/strong><\/p>\n\n\n\n<p>We&#039;re always open to suggestions and feedback to improve the accessibility of our site. If you&#039;re having trouble accessing any part of our site or need assistance, please contact us at\u00a0<a href=\"mailto:locanda@casadellortolano.com\">locanda@casadellortolano.com<\/a>.<\/p>\n\n\n\n<p><strong>Review of the declaration<\/strong><\/p>\n\n\n\n<p>This accessibility statement will be reviewed regularly, with updates expected every 6 months, to reflect any changes in our practices or policies.<\/p>\n\n\n\n<p>Thank you for your attention and support in making our website accessible to everyone.<\/p>","protected":false},"excerpt":{"rendered":"<p>Il nostro impegno per l\u2019accessibilit\u00e0 Ci impegniamo a garantire che il nostro sito web, casadellortolano.com, sia accessibile a tutti gli utenti, comprese le persone con disabilit\u00e0. Questa dichiarazione di accessibilit\u00e0 si applica al nostro sito e descrive le misure che abbiamo adottato per garantire la conformit\u00e0 con l\u2019Accessibility Act e l\u2019European Accessibility Act (EAA), nonch\u00e9 [&hellip;]<\/p>\n","protected":false},"author":2,"featured_media":0,"parent":0,"menu_order":0,"comment_status":"closed","ping_status":"closed","template":"","meta":{"_seopress_robots_primary_cat":"","_seopress_titles_title":"","_seopress_titles_desc":"","_seopress_robots_index":"yes","footnotes":""},"class_list":["post-355","page","type-page","status-publish"],"meta_box":{"pagine_email_form":"","pagine_logo_header":[{"width":150,"height":150,"file":"2026\/03\/casa-dell-ortolano-logo.png","filesize":155548,"sizes":{"medium":{"file":"casa-dell-ortolano-logo-300x300.png","width":300,"height":300,"mime-type":"image\/png","filesize":16971,"url":"https:\/\/casadellortolano.com\/wp-content\/uploads\/2026\/03\/casa-dell-ortolano-logo-300x300.png"},"large":{"file":"casa-dell-ortolano-logo-1024x1024.png","width":1024,"height":1024,"mime-type":"image\/png","filesize":109594,"url":"https:\/\/casadellortolano.com\/wp-content\/uploads\/2026\/03\/casa-dell-ortolano-logo-1024x1024.png"},"thumbnail":{"file":"casa-dell-ortolano-logo-150x150.png","width":150,"height":150,"mime-type":"image\/png","filesize":6106,"url":"https:\/\/casadellortolano.com\/wp-content\/uploads\/2026\/03\/casa-dell-ortolano-logo-150x150.png"},"medium_large":{"file":"casa-dell-ortolano-logo-768x768.png","width":768,"height":768,"mime-type":"image\/png","filesize":72027,"url":"https:\/\/casadellortolano.com\/wp-content\/uploads\/2026\/03\/casa-dell-ortolano-logo-768x768.png"},"trp-custom-language-flag":{"file":"casa-dell-ortolano-logo-12x12.png","width":12,"height":12,"mime-type":"image\/png","filesize":290,"url":"https:\/\/casadellortolano.com\/wp-content\/uploads\/2026\/03\/casa-dell-ortolano-logo-12x12.png"}},"image_meta":{"aperture":"0","credit":"","camera":"","caption":"","created_timestamp":"0","copyright":"","focal_length":"0","iso":"0","shutter_speed":"0","title":"","orientation":"0","keywords":[]},"ID":"555","name":"house-of-the-greengrocer-logo.png","path":"\/home\/u155062918\/domains\/casadellortolano.com\/public_html\/wp-content\/uploads\/2026\/03\/casa-dell-ortolano-logo.png","url":"https:\/\/casadellortolano.com\/wp-content\/uploads\/2026\/03\/casa-dell-ortolano-logo-150x150.png","full_url":"https:\/\/casadellortolano.com\/wp-content\/uploads\/2026\/03\/casa-dell-ortolano-logo.png","title":"greengrocer&#039;s-house-logo","caption":"","description":"","alt":"","srcset":"https:\/\/casadellortolano.com\/wp-content\/uploads\/2026\/03\/casa-dell-ortolano-logo-150x150.png 150w, https:\/\/casadellortolano.com\/wp-content\/uploads\/2026\/03\/casa-dell-ortolano-logo-300x300.png 300w, https:\/\/casadellortolano.com\/wp-content\/uploads\/2026\/03\/casa-dell-ortolano-logo-1024x1024.png 1024w, https:\/\/casadellortolano.com\/wp-content\/uploads\/2026\/03\/casa-dell-ortolano-logo-768x768.png 768w, https:\/\/casadellortolano.com\/wp-content\/uploads\/2026\/03\/casa-dell-ortolano-logo-12x12.png 12w, https:\/\/casadellortolano.com\/wp-content\/uploads\/2026\/03\/casa-dell-ortolano-logo.png 1282w"}],"pagine_titolo_header":"Casa dell'Ortolano"},"_links":{"self":[{"href":"https:\/\/casadellortolano.com\/en\/wp-json\/wp\/v2\/pages\/355","targetHints":{"allow":["GET"]}}],"collection":[{"href":"https:\/\/casadellortolano.com\/en\/wp-json\/wp\/v2\/pages"}],"about":[{"href":"https:\/\/casadellortolano.com\/en\/wp-json\/wp\/v2\/types\/page"}],"author":[{"embeddable":true,"href":"https:\/\/casadellortolano.com\/en\/wp-json\/wp\/v2\/users\/2"}],"replies":[{"embeddable":true,"href":"https:\/\/casadellortolano.com\/en\/wp-json\/wp\/v2\/comments?post=355"}],"version-history":[{"count":0,"href":"https:\/\/casadellortolano.com\/en\/wp-json\/wp\/v2\/pages\/355\/revisions"}],"wp:attachment":[{"href":"https:\/\/casadellortolano.com\/en\/wp-json\/wp\/v2\/media?parent=355"}],"curies":[{"name":"wp","href":"https:\/\/api.w.org\/{rel}","templated":true}]}}